{"id":688,"date":"2025-07-21T19:09:31","date_gmt":"2025-07-21T19:09:31","guid":{"rendered":"https:\/\/courtierheine.com\/home-2\/"},"modified":"2025-08-11T23:29:06","modified_gmt":"2025-08-11T23:29:06","slug":"home","status":"publish","type":"page","link":"https:\/\/courtierheine.com\/fr\/","title":{"rendered":"Antoine Heine, Licensed Real Estate Broker"},"content":{"rendered":"<div class=\"wp-block-uagb-container uagb-block-83494d77 alignfull uagb-is-root-container\"><div class=\"uagb-container-inner-blocks-wrap\">\n<div data-aos= \"fade-left\" data-aos-duration=\"400\" data-aos-delay=\"0\" data-aos-easing=\"ease\" data-aos-once=\"true\" class=\"wp-block-uagb-container uagb-block-eec09767\">\n<div class=\"wp-block-uagb-info-box uagb-block-3bcc7d51 uagb-infobox__content-wrap  uagb-infobox-icon-above-title uagb-infobox-image-valign-top wp-block-uagb-info-box--has-margin\"><div class=\"uagb-infobox-margin-wrapper\"><div class=\"uagb-ifb-content\"><div class=\"uagb-ifb-title-wrap\"><span class=\"uagb-ifb-title-prefix\">Real Estate Expert in Longueuil<\/span><h1 class=\"uagb-ifb-title\">Je suis Antoine Heine, courtier immobilier.<\/h1><\/div><p class=\"uagb-ifb-desc\">Fort de plusieurs ann\u00e9es d\u2019exp\u00e9rience aupr\u00e8s d\u2019acheteurs, de vendeurs et d\u2019investisseurs immobiliers, je mets \u00e0 votre service ma connaissance du march\u00e9 local, des strat\u00e9gies bas\u00e9es sur les donn\u00e9es, et une transparence totale. Si vous cherchez un partenaire immobilier de confiance \u2014 vous l\u2019avez trouv\u00e9.<\/p><\/div><\/div><\/div>\n\n\n\n<div class=\"wp-block-uagb-icon-list uagb-block-b3fc6a5e\"><div class=\"uagb-icon-list__wrap\">\n<div class=\"wp-block-uagb-icon-list-child uagb-block-e9edc2ef\"><span class=\"uagb-icon-list__source-wrap\"><svg xmlns=\"https:\/\/www.w3.org\/2000\/svg\" viewbox=\"0 0 640 512\"><path d=\"M592 224C565.5 224 544 245.5 544 272V352H96V272C96 245.5 74.51 224 48 224S0 245.5 0 272v192C0 472.8 7.164 480 16 480h64c8.836 0 15.1-7.164 15.1-16L96 448h448v16c0 8.836 7.164 16 16 16h64c8.836 0 16-7.164 16-16v-192C640 245.5 618.5 224 592 224zM128 272V320h384V272c0-38.63 27.53-70.95 64-78.38V160c0-70.69-57.31-128-128-128H191.1c-70.69 0-128 57.31-128 128L64 193.6C100.5 201.1 128 233.4 128 272z\"><\/path><\/svg><\/span><span class=\"uagb-icon-list__label\">propri\u00e9t\u00e9s \u00e9valu\u00e9es<\/span><\/div>\n\n\n\n<div class=\"wp-block-uagb-icon-list-child uagb-block-107758cb\"><span class=\"uagb-icon-list__source-wrap\"><svg xmlns=\"https:\/\/www.w3.org\/2000\/svg\" viewbox=\"0 0 448 512\"><path d=\"M224 256c70.7 0 128-57.31 128-128s-57.3-128-128-128C153.3 0 96 57.31 96 128S153.3 256 224 256zM274.7 304H173.3C77.61 304 0 381.6 0 477.3c0 19.14 15.52 34.67 34.66 34.67h378.7C432.5 512 448 496.5 448 477.3C448 381.6 370.4 304 274.7 304z\"><\/path><\/svg><\/span><span class=\"uagb-icon-list__label\">clients satisfaits et recommandations<\/span><\/div>\n<\/div><\/div>\n\n\n\n<div class=\"wp-block-uagb-buttons uagb-buttons__outer-wrap uagb-btn__default-btn uagb-btn-tablet__default-btn uagb-btn-mobile__default-btn uagb-block-d2121323\"><div class=\"uagb-buttons__wrap uagb-buttons-layout-wrap\">\n<div class=\"wp-block-uagb-buttons-child uagb-buttons__outer-wrap uagb-block-ca76d170 wp-block-button\"><div class=\"uagb-button__wrapper\"><a class=\"uagb-buttons-repeater wp-block-button__link\" aria-label=\"\" href=\"tel:+15147005841\" rel=\"follow noopener\" target=\"_self\" role=\"button\"><div class=\"uagb-button__link\">Contact<\/div><\/a><\/div><\/div>\n<\/div><\/div>\n<\/div>\n<\/div><\/div>\n\n\n\n<div data-aos= \"zoom-in\" data-aos-duration=\"400\" data-aos-delay=\"0\" data-aos-easing=\"ease\" data-aos-once=\"true\" class=\"wp-block-uagb-container uagb-block-48c4433d alignfull uagb-is-root-container\"><div class=\"uagb-container-inner-blocks-wrap\">\n<div data-aos= \"fade-up\" data-aos-duration=\"400\" data-aos-delay=\"0\" data-aos-easing=\"ease\" data-aos-once=\"true\" class=\"wp-block-uagb-container uagb-block-48b87611\">\n<div class=\"wp-block-uagb-advanced-heading uagb-block-e3fc42bb\"><h2 class=\"uagb-heading-text\">Antoine Heine<\/h2><p class=\"uagb-desc-text\">Transformons vos objectifs immobiliers en r\u00e9sultats concrets et mesurables.<\/p><\/div>\n<\/div>\n<\/div><\/div>\n\n\n\n<div class=\"wp-block-uagb-container uagb-block-129ae133 alignfull uagb-is-root-container\"><div class=\"uagb-container-inner-blocks-wrap\">\n<div class=\"wp-block-uagb-container uagb-block-8d446807\">\n<div class=\"wp-block-uagb-info-box uagb-block-701721ee uagb-infobox__content-wrap  uagb-infobox-icon-above-title uagb-infobox-image-valign-top\"><div class=\"uagb-ifb-content\"><div class=\"uagb-ifb-title-wrap\"><span class=\"uagb-ifb-title-prefix\">Ce que je fais<\/span><h2 class=\"uagb-ifb-title\">Services\u200b<\/h2><\/div><\/div><\/div>\n\n\n\n<div class=\"wp-block-uagb-buttons uagb-buttons__outer-wrap uagb-btn__default-btn uagb-btn-tablet__default-btn uagb-btn-mobile__default-btn uagb-block-b2f38049\"><div class=\"uagb-buttons__wrap uagb-buttons-layout-wrap\">\n<div class=\"wp-block-uagb-buttons-child uagb-buttons__outer-wrap uagb-block-3ad4fa10 wp-block-button is-style-outline\"><div class=\"uagb-button__wrapper\"><a class=\"uagb-buttons-repeater ast-outline-button\" aria-label=\"\" style=\"border-width:revert-layer\" href=\"#\" rel=\"follow noopener\" target=\"_self\" role=\"button\"><div class=\"uagb-button__link\">View All Services<\/div><span class=\"uagb-button__icon uagb-button__icon-position-after\"><svg xmlns=\"https:\/\/www.w3.org\/2000\/svg\" viewbox=\"0 0 512 512\" aria-hidden=\"true\" focussable=\"false\"><path d=\"M504.3 273.6l-112.1 104c-6.992 6.484-17.18 8.218-25.94 4.406c-8.758-3.812-14.42-12.45-14.42-21.1L351.9 288H32C14.33 288 .0002 273.7 .0002 255.1S14.33 224 32 224h319.9l0-72c0-9.547 5.66-18.19 14.42-22c8.754-3.809 18.95-2.075 25.94 4.41l112.1 104C514.6 247.9 514.6 264.1 504.3 273.6z\"><\/path><\/svg><\/span><\/a><\/div><\/div>\n<\/div><\/div>\n<\/div>\n\n\n\n<div class=\"wp-block-uagb-container uagb-block-d72a667b\">\n<div class=\"wp-block-uagb-info-box uagb-block-8952eeba uagb-infobox__content-wrap  uagb-infobox-icon-above-title uagb-infobox-image-valign-top\"><div class=\"uagb-ifb-content\"><div class=\"uagb-ifb-title-wrap\"><span class=\"uagb-ifb-title-prefix\">01.<\/span><h4 class=\"uagb-ifb-title\">Vente de propri\u00e9t\u00e9s r\u00e9sidentielles<\/h4><\/div><p class=\"uagb-ifb-desc\">Un accompagnement expert pour acheter ou vendre votre maison en toute confiance et avec clart\u00e9. De l\u2019\u00e9valuation au processus de n\u00e9gociation \u2014 je m\u2019occupe de tout.<\/p><\/div><\/div>\n\n\n\n<div class=\"wp-block-uagb-info-box uagb-block-87da22bc uagb-infobox__content-wrap  uagb-infobox-icon-above-title uagb-infobox-image-valign-top\"><div class=\"uagb-ifb-content\"><div class=\"uagb-ifb-title-wrap\"><span class=\"uagb-ifb-title-prefix\">02.<\/span><h4 class=\"uagb-ifb-title\">Gestion immobili\u00e8re<\/h4><\/div><p class=\"uagb-ifb-desc\">Gestion compl\u00e8te pour propri\u00e9taires et investisseurs : recherche de locataires, collecte des loyers et tranquillit\u00e9 d\u2019esprit.<\/p><\/div><\/div>\n\n\n\n<div class=\"wp-block-uagb-info-box uagb-block-d970ed13 uagb-infobox__content-wrap  uagb-infobox-icon-above-title uagb-infobox-image-valign-top\"><div class=\"uagb-ifb-content\"><div class=\"uagb-ifb-title-wrap\"><span class=\"uagb-ifb-title-prefix\">03.<\/span><h4 class=\"uagb-ifb-title\">Consultation pour investisseurs<\/h4><\/div><p class=\"uagb-ifb-desc\">Strat\u00e9gies sur mesure, analyses de march\u00e9 et accompagnement locatif pour d\u00e9velopper votre portefeuille de fa\u00e7on efficace et s\u00e9curis\u00e9e.<\/p><\/div><\/div>\n<\/div>\n<\/div><\/div>\n\n\n\n<div class=\"wp-block-uagb-container uagb-block-12093db5 alignfull uagb-is-root-container\"><div class=\"uagb-container-inner-blocks-wrap\">\n<div class=\"wp-block-uagb-container uagb-block-7285015e\">\n<div class=\"wp-block-uagb-info-box uagb-block-4269afcb uagb-infobox__content-wrap  uagb-infobox-icon-above-title uagb-infobox-image-valign-top\"><div class=\"uagb-ifb-content\"><div class=\"uagb-ifb-title-wrap\"><span class=\"uagb-ifb-title-prefix\">Derni\u00e8res nouveaut\u00e9s<\/span><h2 class=\"uagb-ifb-title\">Transactions<\/h2><\/div><p class=\"uagb-ifb-desc\">Des maisons unifamiliales aux immeubles locatifs, je travaille avec des clients \u00e0 Longueuil et sur la Rive-Sud pour conclure des transactions et maximiser la valeur de leurs biens.<\/p><\/div><\/div>\n\n\n\n<div class=\"wp-block-uagb-buttons uagb-buttons__outer-wrap uagb-btn__default-btn uagb-btn-tablet__default-btn uagb-btn-mobile__default-btn uagb-block-f21f630c\"><div class=\"uagb-buttons__wrap uagb-buttons-layout-wrap\">\n<div class=\"wp-block-uagb-buttons-child uagb-buttons__outer-wrap uagb-block-f3f94942 wp-block-button is-style-outline\"><div class=\"uagb-button__wrapper\"><a class=\"uagb-buttons-repeater wp-block-button__link\" aria-label=\"\" href=\"#\" rel=\"follow noopener\" target=\"_self\" role=\"button\"><div class=\"uagb-button__link\">View All Services<\/div><span class=\"uagb-button__icon uagb-button__icon-position-after\"><svg xmlns=\"https:\/\/www.w3.org\/2000\/svg\" viewbox=\"0 0 512 512\" aria-hidden=\"true\" focussable=\"false\"><path d=\"M504.3 273.6l-112.1 104c-6.992 6.484-17.18 8.218-25.94 4.406c-8.758-3.812-14.42-12.45-14.42-21.1L351.9 288H32C14.33 288 .0002 273.7 .0002 255.1S14.33 224 32 224h319.9l0-72c0-9.547 5.66-18.19 14.42-22c8.754-3.809 18.95-2.075 25.94 4.41l112.1 104C514.6 247.9 514.6 264.1 504.3 273.6z\"><\/path><\/svg><\/span><\/a><\/div><\/div>\n<\/div><\/div>\n<\/div>\n\n\n\n<div class=\"wp-block-uagb-image uagb-block-4443778e wp-block-uagb-image--layout-default wp-block-uagb-image--effect-static wp-block-uagb-image--align-none\"><figure class=\"wp-block-uagb-image__figure\"><img loading=\"lazy\" decoding=\"async\" srcset=\"https:\/\/courtierheine.com\/wp-content\/uploads\/2020\/06\/rectangular-white-coffee-table-near-brown-leather-sofa.jpg , https:\/\/courtierheine.com\/wp-content\/uploads\/2020\/06\/rectangular-white-coffee-table-near-brown-leather-sofa.jpg 360w\" sizes=\"auto, (max-width: 480px) 150px\" src=\"https:\/\/courtierheine.com\/wp-content\/uploads\/2020\/06\/rectangular-white-coffee-table-near-brown-leather-sofa.jpg\" alt=\"\" class=\"uag-image-376\" width=\"800\" height=\"450\" title=\"\" role=\"img\"\/><\/figure><\/div>\n<\/div><\/div>\n\n\n\n<p><\/p>","protected":false},"excerpt":{"rendered":"<p>Antoine Heine Let\u2019s turn your real estate goals into results you can measure.<\/p>","protected":false},"author":1,"featured_media":0,"parent":0,"menu_order":0,"comment_status":"closed","ping_status":"closed","template":"","meta":{"_uag_custom_page_level_css":"","site-sidebar-layout":"no-sidebar","site-content-layout":"plain-container","ast-site-content-layout":"normal-width-container","site-content-style":"unboxed","site-sidebar-style":"unboxed","ast-global-header-display":"","ast-banner-title-visibility":"","ast-main-header-display":"","ast-hfb-above-header-display":"","ast-hfb-below-header-display":"","ast-hfb-mobile-header-display":"","site-post-title":"disabled","ast-breadcrumbs-content":"","ast-featured-img":"disabled","footer-sml-layout":"","theme-transparent-header-meta":"disabled","adv-header-id-meta":"","stick-header-meta":"","header-above-stick-meta":"","header-main-stick-meta":"","header-below-stick-meta":"","astra-migrate-meta-layouts":"set","ast-page-background-enabled":"default","ast-page-background-meta":{"desktop":{"background-color":"","background-image":"","background-repeat":"repeat","background-position":"center center","background-size":"auto","background-attachment":"scroll","background-type":"","background-media":"","overlay-type":"","overlay-color":"","overlay-opacity":"","overlay-gradient":""},"tablet":{"background-color":"","background-image":"","background-repeat":"repeat","background-position":"center center","background-size":"auto","background-attachment":"scroll","background-type":"","background-media":"","overlay-type":"","overlay-color":"","overlay-opacity":"","overlay-gradient":""},"mobile":{"background-color":"","background-image":"","background-repeat":"repeat","background-position":"center center","background-size":"auto","background-attachment":"scroll","background-type":"","background-media":"","overlay-type":"","overlay-color":"","overlay-opacity":"","overlay-gradient":""}},"ast-content-background-meta":{"desktop":{"background-color":"var(--ast-global-color-5)","background-image":"","background-repeat":"repeat","background-position":"center center","background-size":"auto","background-attachment":"scroll","background-type":"","background-media":"","overlay-type":"","overlay-color":"","overlay-opacity":"","overlay-gradient":""},"tablet":{"background-color":"var(--ast-global-color-5)","background-image":"","background-repeat":"repeat","background-position":"center center","background-size":"auto","background-attachment":"scroll","background-type":"","background-media":"","overlay-type":"","overlay-color":"","overlay-opacity":"","overlay-gradient":""},"mobile":{"background-color":"var(--ast-global-color-5)","background-image":"","background-repeat":"repeat","background-position":"center center","background-size":"auto","background-attachment":"scroll","background-type":"","background-media":"","overlay-type":"","overlay-color":"","overlay-opacity":"","overlay-gradient":""}},"footnotes":""},"class_list":["post-688","page","type-page","status-publish","hentry"],"yoast_head":"<!-- This site is optimized with the Yoast SEO plugin v25.6 - https:\/\/yoast.com\/wordpress\/plugins\/seo\/ -->\n<title>Antoine Heine, Licensed Real Estate Broker - courtier heine<\/title>\n<meta name=\"robots\" content=\"index, follow, max-snippet:-1, max-image-preview:large, max-video-preview:-1\" \/>\n<link rel=\"canonical\" href=\"https:\/\/courtierheine.com\/fr\/\" \/>\n<meta property=\"og:locale\" content=\"fr_CA\" \/>\n<meta property=\"og:type\" content=\"article\" \/>\n<meta property=\"og:title\" content=\"Antoine Heine, Licensed Real Estate Broker - courtier heine\" \/>\n<meta property=\"og:description\" content=\"Antoine Heine Let\u2019s turn your real estate goals into results you can measure.\" \/>\n<meta property=\"og:url\" content=\"https:\/\/courtierheine.com\/fr\/\" \/>\n<meta property=\"og:site_name\" content=\"courtier heine\" \/>\n<meta property=\"article:modified_time\" content=\"2025-08-11T23:29:06+00:00\" \/>\n<meta property=\"og:image\" content=\"https:\/\/courtierheine.com\/wp-content\/uploads\/2020\/06\/rectangular-white-coffee-table-near-brown-leather-sofa.jpg\" \/>\n<meta name=\"twitter:card\" content=\"summary_large_image\" \/>\n<meta name=\"twitter:label1\" content=\"Estimation du temps de lecture\" \/>\n\t<meta name=\"twitter:data1\" content=\"1 minute\" \/>\n<script type=\"application\/ld+json\" class=\"yoast-schema-graph\">{\"@context\":\"https:\/\/schema.org\",\"@graph\":[{\"@type\":\"WebPage\",\"@id\":\"https:\/\/courtierheine.com\/\",\"url\":\"https:\/\/courtierheine.com\/\",\"name\":\"Antoine Heine, Licensed Real Estate Broker - courtier heine\",\"isPartOf\":{\"@id\":\"https:\/\/courtierheine.com\/#website\"},\"primaryImageOfPage\":{\"@id\":\"https:\/\/courtierheine.com\/#primaryimage\"},\"image\":{\"@id\":\"https:\/\/courtierheine.com\/#primaryimage\"},\"thumbnailUrl\":\"https:\/\/courtierheine.com\/wp-content\/uploads\/2020\/06\/rectangular-white-coffee-table-near-brown-leather-sofa.jpg\",\"datePublished\":\"2025-07-21T19:09:31+00:00\",\"dateModified\":\"2025-08-11T23:29:06+00:00\",\"breadcrumb\":{\"@id\":\"https:\/\/courtierheine.com\/#breadcrumb\"},\"inLanguage\":\"fr-CA\",\"potentialAction\":[{\"@type\":\"ReadAction\",\"target\":[\"https:\/\/courtierheine.com\/\"]}]},{\"@type\":\"ImageObject\",\"inLanguage\":\"fr-CA\",\"@id\":\"https:\/\/courtierheine.com\/#primaryimage\",\"url\":\"https:\/\/courtierheine.com\/wp-content\/uploads\/2020\/06\/rectangular-white-coffee-table-near-brown-leather-sofa.jpg\",\"contentUrl\":\"https:\/\/courtierheine.com\/wp-content\/uploads\/2020\/06\/rectangular-white-coffee-table-near-brown-leather-sofa.jpg\"},{\"@type\":\"BreadcrumbList\",\"@id\":\"https:\/\/courtierheine.com\/#breadcrumb\",\"itemListElement\":[{\"@type\":\"ListItem\",\"position\":1,\"name\":\"Home\",\"item\":\"https:\/\/courtierheine.com\/\"},{\"@type\":\"ListItem\",\"position\":2,\"name\":\"Antoine Heine, Licensed Real Estate Broker\"}]},{\"@type\":\"WebSite\",\"@id\":\"https:\/\/courtierheine.com\/#website\",\"url\":\"https:\/\/courtierheine.com\/\",\"name\":\"courtier heine\",\"description\":\"courtier heine\",\"potentialAction\":[{\"@type\":\"SearchAction\",\"target\":{\"@type\":\"EntryPoint\",\"urlTemplate\":\"https:\/\/courtierheine.com\/?s={search_term_string}\"},\"query-input\":{\"@type\":\"PropertyValueSpecification\",\"valueRequired\":true,\"valueName\":\"search_term_string\"}}],\"inLanguage\":\"fr-CA\"}]}<\/script>\n<!-- \/ Yoast SEO plugin. -->","yoast_head_json":{"title":"Antoine Heine, Licensed Real Estate Broker - courtier heine","robots":{"index":"index","follow":"follow","max-snippet":"max-snippet:-1","max-image-preview":"max-image-preview:large","max-video-preview":"max-video-preview:-1"},"canonical":"https:\/\/courtierheine.com\/fr\/","og_locale":"fr_CA","og_type":"article","og_title":"Antoine Heine, Licensed Real Estate Broker - courtier heine","og_description":"Antoine Heine Let\u2019s turn your real estate goals into results you can measure.","og_url":"https:\/\/courtierheine.com\/fr\/","og_site_name":"courtier heine","article_modified_time":"2025-08-11T23:29:06+00:00","og_image":[{"url":"https:\/\/courtierheine.com\/wp-content\/uploads\/2020\/06\/rectangular-white-coffee-table-near-brown-leather-sofa.jpg","type":"","width":"","height":""}],"twitter_card":"summary_large_image","twitter_misc":{"Estimation du temps de lecture":"1 minute"},"schema":{"@context":"https:\/\/schema.org","@graph":[{"@type":"WebPage","@id":"https:\/\/courtierheine.com\/","url":"https:\/\/courtierheine.com\/","name":"Antoine Heine, Licensed Real Estate Broker - courtier heine","isPartOf":{"@id":"https:\/\/courtierheine.com\/#website"},"primaryImageOfPage":{"@id":"https:\/\/courtierheine.com\/#primaryimage"},"image":{"@id":"https:\/\/courtierheine.com\/#primaryimage"},"thumbnailUrl":"https:\/\/courtierheine.com\/wp-content\/uploads\/2020\/06\/rectangular-white-coffee-table-near-brown-leather-sofa.jpg","datePublished":"2025-07-21T19:09:31+00:00","dateModified":"2025-08-11T23:29:06+00:00","breadcrumb":{"@id":"https:\/\/courtierheine.com\/#breadcrumb"},"inLanguage":"fr-CA","potentialAction":[{"@type":"ReadAction","target":["https:\/\/courtierheine.com\/"]}]},{"@type":"ImageObject","inLanguage":"fr-CA","@id":"https:\/\/courtierheine.com\/#primaryimage","url":"https:\/\/courtierheine.com\/wp-content\/uploads\/2020\/06\/rectangular-white-coffee-table-near-brown-leather-sofa.jpg","contentUrl":"https:\/\/courtierheine.com\/wp-content\/uploads\/2020\/06\/rectangular-white-coffee-table-near-brown-leather-sofa.jpg"},{"@type":"BreadcrumbList","@id":"https:\/\/courtierheine.com\/#breadcrumb","itemListElement":[{"@type":"ListItem","position":1,"name":"Home","item":"https:\/\/courtierheine.com\/"},{"@type":"ListItem","position":2,"name":"Antoine Heine, Licensed Real Estate Broker"}]},{"@type":"WebSite","@id":"https:\/\/courtierheine.com\/#website","url":"https:\/\/courtierheine.com\/","name":"courtier heine","description":"courtier heine","potentialAction":[{"@type":"SearchAction","target":{"@type":"EntryPoint","urlTemplate":"https:\/\/courtierheine.com\/?s={search_term_string}"},"query-input":{"@type":"PropertyValueSpecification","valueRequired":true,"valueName":"search_term_string"}}],"inLanguage":"fr-CA"}]}},"uagb_featured_image_src":{"full":false,"thumbnail":false,"medium":false,"medium_large":false,"large":false,"1536x1536":false,"2048x2048":false,"trp-custom-language-flag":false},"uagb_author_info":{"display_name":"cherakerman@gmail.com","author_link":"https:\/\/courtierheine.com\/fr\/author\/cherakermangmail-com\/"},"uagb_comment_info":0,"uagb_excerpt":"Antoine Heine Let\u2019s turn your real estate goals into results you can measure.","_links":{"self":[{"href":"https:\/\/courtierheine.com\/fr\/wp-json\/wp\/v2\/pages\/688","targetHints":{"allow":["GET"]}}],"collection":[{"href":"https:\/\/courtierheine.com\/fr\/wp-json\/wp\/v2\/pages"}],"about":[{"href":"https:\/\/courtierheine.com\/fr\/wp-json\/wp\/v2\/types\/page"}],"author":[{"embeddable":true,"href":"https:\/\/courtierheine.com\/fr\/wp-json\/wp\/v2\/users\/1"}],"replies":[{"embeddable":true,"href":"https:\/\/courtierheine.com\/fr\/wp-json\/wp\/v2\/comments?post=688"}],"version-history":[{"count":25,"href":"https:\/\/courtierheine.com\/fr\/wp-json\/wp\/v2\/pages\/688\/revisions"}],"predecessor-version":[{"id":1963,"href":"https:\/\/courtierheine.com\/fr\/wp-json\/wp\/v2\/pages\/688\/revisions\/1963"}],"wp:attachment":[{"href":"https:\/\/courtierheine.com\/fr\/wp-json\/wp\/v2\/media?parent=688"}],"curies":[{"name":"wp","href":"https:\/\/api.w.org\/{rel}","templated":true}]}}