{"id":689,"date":"2025-07-21T19:09:31","date_gmt":"2025-07-21T19:09:31","guid":{"rendered":"https:\/\/courtierheine.com\/about\/"},"modified":"2025-08-11T23:20:15","modified_gmt":"2025-08-11T23:20:15","slug":"about","status":"publish","type":"page","link":"https:\/\/courtierheine.com\/fr\/about\/","title":{"rendered":"About"},"content":{"rendered":"<div class=\"wp-block-uagb-container uagb-block-2db72d83 alignfull uagb-is-root-container\"><div class=\"uagb-container-inner-blocks-wrap\">\n<div class=\"wp-block-uagb-advanced-heading uagb-block-3bd8dd32\"><h1 class=\"uagb-heading-text\">\u00c0 propos de moi<\/h1><p class=\"uagb-desc-text\">Courtier immobilier bilingue bas\u00e9 \u00e0 Longueuil, sp\u00e9cialis\u00e9 dans la vente r\u00e9sidentielle, la gestion de propri\u00e9t\u00e9s et le conseil aux investisseurs. J\u2019aide les propri\u00e9taires et les investisseurs de la Rive-Sud de Montr\u00e9al \u00e0 prendre des d\u00e9cisions immobili\u00e8res rentables et \u00e9clair\u00e9es gr\u00e2ce \u00e0 un accompagnement expert, une connaissance approfondie du march\u00e9 local et un service transparent.<\/p><\/div>\n<\/div><\/div>\n\n\n\n<div class=\"wp-block-uagb-container uagb-block-7bac3667 alignfull uagb-is-root-container\"><div class=\"uagb-container-inner-blocks-wrap\">\n<div class=\"wp-block-uagb-container uagb-block-12d7acaa\">\n<div class=\"wp-block-uagb-advanced-heading uagb-block-8c1ca290\"><h3 class=\"uagb-heading-text\">Bonjour, je suis Antoine Heine \u2014 courtier immobilier et conseiller en investissement.<\/h3><\/div>\n<\/div>\n\n\n\n<div class=\"wp-block-uagb-container uagb-block-3ead4cd4\">\n<div class=\"wp-block-uagb-advanced-heading uagb-block-ba0b48b7\"><p class=\"uagb-desc-text\"><em>J\u2019aide mes clients \u00e0 prendre des d\u00e9cisions immobili\u00e8res avis\u00e9es \u00e0 Longueuil et sur la Rive-Sud.<\/em><br>Que vous achetiez votre premi\u00e8re maison, que vous g\u00e9riez un portefeuille locatif ou que vous cherchiez des conseils avant d\u2019investir, je suis l\u00e0 pour vous accompagner avec clart\u00e9 et confiance. Je combine une expertise approfondie du march\u00e9 local, des strat\u00e9gies \u00e9prouv\u00e9es et une communication transparente pour prot\u00e9ger votre temps, votre argent et votre tranquillit\u00e9 d\u2019esprit.<\/p><\/div>\n\n\n\n<div class=\"wp-block-uagb-container uagb-layout-grid uagb-block-ed0b702e\">\n<div class=\"wp-block-uagb-counter uagb-block-3c30030c wp-block-uagb-counter--number\"><div class=\"wp-block-uagb-counter__number\"><span class=\"uagb-counter-block-number\" data-duration=\"1.5\" data-to-value=\"400\" data-from-value=\"0\" data-delimiter=\",\"><\/span><span class=\"uagb-counter-block-suffix\">+<\/span><\/div><div class=\"wp-block-uagb-counter__title\">Propri\u00e9t\u00e9s analys\u00e9es pour des clients<\/div><\/div>\n\n\n\n<div class=\"wp-block-uagb-counter uagb-block-d2dc8e45 wp-block-uagb-counter--number\"><div class=\"wp-block-uagb-counter__number\"><span class=\"uagb-counter-block-number\" data-duration=\"1.5\" data-to-value=\"100\" data-from-value=\"0\" data-delimiter=\",\"><\/span><span class=\"uagb-counter-block-suffix\">+<\/span><\/div><div class=\"wp-block-uagb-counter__title\">Propri\u00e9taires, investisseurs et bailleurs satisfaits<\/div><\/div>\n<\/div>\n<\/div>\n<\/div><\/div>\n\n\n\n<div class=\"wp-block-uagb-container uagb-block-687c1d77 alignfull uagb-is-root-container\"><div class=\"uagb-container-inner-blocks-wrap\">\n<div class=\"wp-block-uagb-info-box uagb-block-9f61b009 uagb-infobox__content-wrap  uagb-infobox-icon-above-title uagb-infobox-image-valign-top\"><div class=\"uagb-ifb-content\"><div class=\"uagb-ifb-title-wrap\"><span class=\"uagb-ifb-title-prefix\">Pr\u00e9cision, strat\u00e9gie et r\u00e9sultats<\/span><h5 class=\"uagb-ifb-title\">J\u2019aborde chaque situation client avec une attention rigoureuse aux d\u00e9tails et une compr\u00e9hension approfondie du march\u00e9 de Longueuil. De l\u2019analyse de la valeur des propri\u00e9t\u00e9s aux conseils en strat\u00e9gie locative, j\u2019apporte de la clart\u00e9 \u00e0 chaque d\u00e9cision et je r\u00e9v\u00e8le des opportunit\u00e9s que d\u2019autres laissent passer.<br>\u200b<\/h5><\/div><p class=\"uagb-ifb-desc\">Que vous achetiez, vendiez ou g\u00e9riez des biens immobiliers locatifs, je combine donn\u00e9es, exp\u00e9rience et approche personnalis\u00e9e pour cr\u00e9er de la valeur \u00e0 long terme \u2014 pas seulement des gains rapides.\n\nJ\u2019innove et ouvre de nouvelles possibilit\u00e9s dans la conception int\u00e9rieure de chaque maison.<\/p><\/div><\/div>\n\n\n\n<div class=\"wp-block-uagb-container uagb-block-1b41d904\">\n<div class=\"wp-block-uagb-image uagb-block-84de973e wp-block-uagb-image--layout-default wp-block-uagb-image--effect-static wp-block-uagb-image--align-none\"><figure class=\"wp-block-uagb-image__figure\"><img loading=\"lazy\" decoding=\"async\" srcset=\"https:\/\/courtierheine.com\/wp-content\/uploads\/2019\/12\/office-table.jpg ,https:\/\/courtierheine.com\/wp-content\/uploads\/2019\/12\/office-table.jpg 780w, https:\/\/courtierheine.com\/wp-content\/uploads\/2019\/12\/office-table.jpg 360w\" sizes=\"auto, (max-width: 480px) 150px\" src=\"https:\/\/courtierheine.com\/wp-content\/uploads\/2019\/12\/office-table.jpg\" alt=\"\" class=\"uag-image-256\" width=\"400\" height=\"400\" title=\"\" role=\"img\"\/><\/figure><\/div>\n\n\n\n<div class=\"wp-block-uagb-image uagb-block-a3dd340b wp-block-uagb-image--layout-default wp-block-uagb-image--effect-static wp-block-uagb-image--align-none\"><figure class=\"wp-block-uagb-image__figure\"><img loading=\"lazy\" decoding=\"async\" srcset=\"https:\/\/courtierheine.com\/wp-content\/uploads\/2019\/12\/bathtub.jpg ,https:\/\/courtierheine.com\/wp-content\/uploads\/2019\/12\/bathtub.jpg 780w, https:\/\/courtierheine.com\/wp-content\/uploads\/2019\/12\/bathtub.jpg 360w\" sizes=\"auto, (max-width: 480px) 150px\" src=\"https:\/\/courtierheine.com\/wp-content\/uploads\/2019\/12\/bathtub.jpg\" alt=\"\" class=\"uag-image-224\" width=\"400\" height=\"400\" title=\"\" role=\"img\"\/><\/figure><\/div>\n\n\n\n<div class=\"wp-block-uagb-image uagb-block-ab045ed3 wp-block-uagb-image--layout-default wp-block-uagb-image--effect-static wp-block-uagb-image--align-none\"><figure class=\"wp-block-uagb-image__figure\"><img loading=\"lazy\" decoding=\"async\" srcset=\"https:\/\/courtierheine.com\/wp-content\/uploads\/2019\/12\/white-wall.jpg ,https:\/\/courtierheine.com\/wp-content\/uploads\/2019\/12\/white-wall.jpg 780w, https:\/\/courtierheine.com\/wp-content\/uploads\/2019\/12\/white-wall.jpg 360w\" sizes=\"auto, (max-width: 480px) 150px\" src=\"https:\/\/courtierheine.com\/wp-content\/uploads\/2019\/12\/white-wall.jpg\" alt=\"\" class=\"uag-image-223\" width=\"400\" height=\"400\" title=\"\" role=\"img\"\/><\/figure><\/div>\n<\/div>\n\n\n\n<div class=\"wp-block-uagb-container uagb-block-48b2cfd6\">\n<div class=\"wp-block-uagb-advanced-heading uagb-block-5d82114e\"><h3 class=\"uagb-heading-text\">Je suis sp\u00e9cialis\u00e9 en strat\u00e9gie immobili\u00e8re, gestion de propri\u00e9t\u00e9s et accompagnement des investisseurs<\/h3><\/div>\n\n\n\n<div class=\"wp-block-uagb-advanced-heading uagb-block-1cea0376\"><p class=\"uagb-desc-text\">L\u2019immobilier ne se r\u00e9sume pas \u00e0 conclure des transactions \u2014 il s\u2019agit de cr\u00e9er de la valeur \u00e0 long terme. Je travaille avec des propri\u00e9taires, des bailleurs et des investisseurs \u00e0 Longueuil et sur la Rive-Sud pour prot\u00e9ger leur temps, r\u00e9duire les risques et les aider \u00e0 prendre des d\u00e9cisions immobili\u00e8res plus \u00e9clair\u00e9es.<\/p><\/div>\n\n\n\n<div class=\"wp-block-uagb-advanced-heading uagb-block-163937bb\"><p class=\"uagb-desc-text\">Que ce soit pour la gestion d\u2019un logement locatif, l\u2019\u00e9valuation d\u2019un nouveau bien ou la mise en march\u00e9 d\u2019une propri\u00e9t\u00e9, j\u2019apporte de la structure, de la clart\u00e9 et un engagement constant envers une communication transparente.<br>Chaque propri\u00e9t\u00e9 a du potentiel \u2014 mon r\u00f4le est de vous aider \u00e0 le r\u00e9v\u00e9ler avec pr\u00e9cision, confiance et une strat\u00e9gie sur mesure orient\u00e9e vers les r\u00e9sultats.<\/p><\/div>\n<\/div>\n<\/div><\/div>\n\n\n\n<p><\/p>","protected":false},"excerpt":{"rendered":"<p>About Me\u200b a bilingual real estate broker based in Longueuil, specializing in residential sales, property management, and investor consulting. I help homeowners and investors across the South Shore of Montreal make confident, profitable real estate decisions through expert guidance, local market knowledge, and transparent service. Hi there, I\u2019m Antoine Heine \u2014 Real Estate Broker &amp; [&hellip;]<\/p>","protected":false},"author":1,"featured_media":0,"parent":0,"menu_order":0,"comment_status":"closed","ping_status":"closed","template":"","meta":{"_uag_custom_page_level_css":"","site-sidebar-layout":"no-sidebar","site-content-layout":"plain-container","ast-site-content-layout":"normal-width-container","site-content-style":"unboxed","site-sidebar-style":"unboxed","ast-global-header-display":"","ast-banner-title-visibility":"","ast-main-header-display":"","ast-hfb-above-header-display":"","ast-hfb-below-header-display":"","ast-hfb-mobile-header-display":"","site-post-title":"disabled","ast-breadcrumbs-content":"","ast-featured-img":"disabled","footer-sml-layout":"","theme-transparent-header-meta":"enabled","adv-header-id-meta":"","stick-header-meta":"","header-above-stick-meta":"","header-main-stick-meta":"","header-below-stick-meta":"","astra-migrate-meta-layouts":"set","ast-page-background-enabled":"default","ast-page-background-meta":{"desktop":{"background-color":"","background-image":"","background-repeat":"repeat","background-position":"center center","background-size":"auto","background-attachment":"scroll","background-type":"","background-media":"","overlay-type":"","overlay-color":"","overlay-opacity":"","overlay-gradient":""},"tablet":{"background-color":"","background-image":"","background-repeat":"repeat","background-position":"center center","background-size":"auto","background-attachment":"scroll","background-type":"","background-media":"","overlay-type":"","overlay-color":"","overlay-opacity":"","overlay-gradient":""},"mobile":{"background-color":"","background-image":"","background-repeat":"repeat","background-position":"center center","background-size":"auto","background-attachment":"scroll","background-type":"","background-media":"","overlay-type":"","overlay-color":"","overlay-opacity":"","overlay-gradient":""}},"ast-content-background-meta":{"desktop":{"background-color":"var(--ast-global-color-5)","background-image":"","background-repeat":"repeat","background-position":"center center","background-size":"auto","background-attachment":"scroll","background-type":"","background-media":"","overlay-type":"","overlay-color":"","overlay-opacity":"","overlay-gradient":""},"tablet":{"background-color":"var(--ast-global-color-5)","background-image":"","background-repeat":"repeat","background-position":"center center","background-size":"auto","background-attachment":"scroll","background-type":"","background-media":"","overlay-type":"","overlay-color":"","overlay-opacity":"","overlay-gradient":""},"mobile":{"background-color":"var(--ast-global-color-5)","background-image":"","background-repeat":"repeat","background-position":"center center","background-size":"auto","background-attachment":"scroll","background-type":"","background-media":"","overlay-type":"","overlay-color":"","overlay-opacity":"","overlay-gradient":""}},"footnotes":""},"class_list":["post-689","page","type-page","status-publish","hentry"],"yoast_head":"<!-- This site is optimized with the Yoast SEO plugin v25.6 - https:\/\/yoast.com\/wordpress\/plugins\/seo\/ -->\n<title>About - courtier heine<\/title>\n<meta name=\"robots\" content=\"index, follow, max-snippet:-1, max-image-preview:large, max-video-preview:-1\" \/>\n<link rel=\"canonical\" href=\"https:\/\/courtierheine.com\/fr\/about\/\" \/>\n<meta property=\"og:locale\" content=\"fr_CA\" \/>\n<meta property=\"og:type\" content=\"article\" \/>\n<meta property=\"og:title\" content=\"About - courtier heine\" \/>\n<meta property=\"og:description\" content=\"About Me\u200b a bilingual real estate broker based in Longueuil, specializing in residential sales, property management, and investor consulting. I help homeowners and investors across the South Shore of Montreal make confident, profitable real estate decisions through expert guidance, local market knowledge, and transparent service. Hi there, I\u2019m Antoine Heine \u2014 Real Estate Broker &amp; [&hellip;]\" \/>\n<meta property=\"og:url\" content=\"https:\/\/courtierheine.com\/fr\/about\/\" \/>\n<meta property=\"og:site_name\" content=\"courtier heine\" \/>\n<meta property=\"article:modified_time\" content=\"2025-08-11T23:20:15+00:00\" \/>\n<meta property=\"og:image\" content=\"https:\/\/courtierheine.com\/wp-content\/uploads\/2019\/12\/office-table.jpg\" \/>\n<meta name=\"twitter:card\" content=\"summary_large_image\" \/>\n<meta name=\"twitter:label1\" content=\"Estimation du temps de lecture\" \/>\n\t<meta name=\"twitter:data1\" content=\"2 minutes\" \/>\n<script type=\"application\/ld+json\" class=\"yoast-schema-graph\">{\"@context\":\"https:\/\/schema.org\",\"@graph\":[{\"@type\":\"WebPage\",\"@id\":\"https:\/\/courtierheine.com\/about\/\",\"url\":\"https:\/\/courtierheine.com\/about\/\",\"name\":\"About - courtier heine\",\"isPartOf\":{\"@id\":\"https:\/\/courtierheine.com\/#website\"},\"primaryImageOfPage\":{\"@id\":\"https:\/\/courtierheine.com\/about\/#primaryimage\"},\"image\":{\"@id\":\"https:\/\/courtierheine.com\/about\/#primaryimage\"},\"thumbnailUrl\":\"https:\/\/courtierheine.com\/wp-content\/uploads\/2019\/12\/office-table.jpg\",\"datePublished\":\"2025-07-21T19:09:31+00:00\",\"dateModified\":\"2025-08-11T23:20:15+00:00\",\"breadcrumb\":{\"@id\":\"https:\/\/courtierheine.com\/about\/#breadcrumb\"},\"inLanguage\":\"fr-CA\",\"potentialAction\":[{\"@type\":\"ReadAction\",\"target\":[\"https:\/\/courtierheine.com\/about\/\"]}]},{\"@type\":\"ImageObject\",\"inLanguage\":\"fr-CA\",\"@id\":\"https:\/\/courtierheine.com\/about\/#primaryimage\",\"url\":\"https:\/\/courtierheine.com\/wp-content\/uploads\/2019\/12\/office-table.jpg\",\"contentUrl\":\"https:\/\/courtierheine.com\/wp-content\/uploads\/2019\/12\/office-table.jpg\"},{\"@type\":\"BreadcrumbList\",\"@id\":\"https:\/\/courtierheine.com\/about\/#breadcrumb\",\"itemListElement\":[{\"@type\":\"ListItem\",\"position\":1,\"name\":\"Home\",\"item\":\"https:\/\/courtierheine.com\/\"},{\"@type\":\"ListItem\",\"position\":2,\"name\":\"About\"}]},{\"@type\":\"WebSite\",\"@id\":\"https:\/\/courtierheine.com\/#website\",\"url\":\"https:\/\/courtierheine.com\/\",\"name\":\"courtier heine\",\"description\":\"courtier heine\",\"potentialAction\":[{\"@type\":\"SearchAction\",\"target\":{\"@type\":\"EntryPoint\",\"urlTemplate\":\"https:\/\/courtierheine.com\/?s={search_term_string}\"},\"query-input\":{\"@type\":\"PropertyValueSpecification\",\"valueRequired\":true,\"valueName\":\"search_term_string\"}}],\"inLanguage\":\"fr-CA\"}]}<\/script>\n<!-- \/ Yoast SEO plugin. -->","yoast_head_json":{"title":"About - courtier heine","robots":{"index":"index","follow":"follow","max-snippet":"max-snippet:-1","max-image-preview":"max-image-preview:large","max-video-preview":"max-video-preview:-1"},"canonical":"https:\/\/courtierheine.com\/fr\/about\/","og_locale":"fr_CA","og_type":"article","og_title":"About - courtier heine","og_description":"About Me\u200b a bilingual real estate broker based in Longueuil, specializing in residential sales, property management, and investor consulting. I help homeowners and investors across the South Shore of Montreal make confident, profitable real estate decisions through expert guidance, local market knowledge, and transparent service. Hi there, I\u2019m Antoine Heine \u2014 Real Estate Broker &amp; [&hellip;]","og_url":"https:\/\/courtierheine.com\/fr\/about\/","og_site_name":"courtier heine","article_modified_time":"2025-08-11T23:20:15+00:00","og_image":[{"url":"https:\/\/courtierheine.com\/wp-content\/uploads\/2019\/12\/office-table.jpg","type":"","width":"","height":""}],"twitter_card":"summary_large_image","twitter_misc":{"Estimation du temps de lecture":"2 minutes"},"schema":{"@context":"https:\/\/schema.org","@graph":[{"@type":"WebPage","@id":"https:\/\/courtierheine.com\/about\/","url":"https:\/\/courtierheine.com\/about\/","name":"About - courtier heine","isPartOf":{"@id":"https:\/\/courtierheine.com\/#website"},"primaryImageOfPage":{"@id":"https:\/\/courtierheine.com\/about\/#primaryimage"},"image":{"@id":"https:\/\/courtierheine.com\/about\/#primaryimage"},"thumbnailUrl":"https:\/\/courtierheine.com\/wp-content\/uploads\/2019\/12\/office-table.jpg","datePublished":"2025-07-21T19:09:31+00:00","dateModified":"2025-08-11T23:20:15+00:00","breadcrumb":{"@id":"https:\/\/courtierheine.com\/about\/#breadcrumb"},"inLanguage":"fr-CA","potentialAction":[{"@type":"ReadAction","target":["https:\/\/courtierheine.com\/about\/"]}]},{"@type":"ImageObject","inLanguage":"fr-CA","@id":"https:\/\/courtierheine.com\/about\/#primaryimage","url":"https:\/\/courtierheine.com\/wp-content\/uploads\/2019\/12\/office-table.jpg","contentUrl":"https:\/\/courtierheine.com\/wp-content\/uploads\/2019\/12\/office-table.jpg"},{"@type":"BreadcrumbList","@id":"https:\/\/courtierheine.com\/about\/#breadcrumb","itemListElement":[{"@type":"ListItem","position":1,"name":"Home","item":"https:\/\/courtierheine.com\/"},{"@type":"ListItem","position":2,"name":"About"}]},{"@type":"WebSite","@id":"https:\/\/courtierheine.com\/#website","url":"https:\/\/courtierheine.com\/","name":"courtier heine","description":"courtier heine","potentialAction":[{"@type":"SearchAction","target":{"@type":"EntryPoint","urlTemplate":"https:\/\/courtierheine.com\/?s={search_term_string}"},"query-input":{"@type":"PropertyValueSpecification","valueRequired":true,"valueName":"search_term_string"}}],"inLanguage":"fr-CA"}]}},"uagb_featured_image_src":{"full":false,"thumbnail":false,"medium":false,"medium_large":false,"large":false,"1536x1536":false,"2048x2048":false,"trp-custom-language-flag":false},"uagb_author_info":{"display_name":"cherakerman@gmail.com","author_link":"https:\/\/courtierheine.com\/fr\/author\/cherakermangmail-com\/"},"uagb_comment_info":0,"uagb_excerpt":"About Me\u200b a bilingual real estate broker based in Longueuil, specializing in residential sales, property management, and investor consulting. I help homeowners and investors across the South Shore of Montreal make confident, profitable real estate decisions through expert guidance, local market knowledge, and transparent service. Hi there, I\u2019m Antoine Heine \u2014 Real Estate Broker &amp;&hellip;","_links":{"self":[{"href":"https:\/\/courtierheine.com\/fr\/wp-json\/wp\/v2\/pages\/689","targetHints":{"allow":["GET"]}}],"collection":[{"href":"https:\/\/courtierheine.com\/fr\/wp-json\/wp\/v2\/pages"}],"about":[{"href":"https:\/\/courtierheine.com\/fr\/wp-json\/wp\/v2\/types\/page"}],"author":[{"embeddable":true,"href":"https:\/\/courtierheine.com\/fr\/wp-json\/wp\/v2\/users\/1"}],"replies":[{"embeddable":true,"href":"https:\/\/courtierheine.com\/fr\/wp-json\/wp\/v2\/comments?post=689"}],"version-history":[{"count":6,"href":"https:\/\/courtierheine.com\/fr\/wp-json\/wp\/v2\/pages\/689\/revisions"}],"predecessor-version":[{"id":1960,"href":"https:\/\/courtierheine.com\/fr\/wp-json\/wp\/v2\/pages\/689\/revisions\/1960"}],"wp:attachment":[{"href":"https:\/\/courtierheine.com\/fr\/wp-json\/wp\/v2\/media?parent=689"}],"curies":[{"name":"wp","href":"https:\/\/api.w.org\/{rel}","templated":true}]}}