{"id":693,"date":"2025-07-21T19:09:33","date_gmt":"2025-07-21T19:09:33","guid":{"rendered":"https:\/\/courtierheine.com\/contact-2\/"},"modified":"2025-07-27T13:44:36","modified_gmt":"2025-07-27T13:44:36","slug":"contact-2","status":"publish","type":"page","link":"https:\/\/courtierheine.com\/fr\/contact-2\/","title":{"rendered":"Contact"},"content":{"rendered":"<div class=\"wp-block-uagb-container uagb-block-c51d93e9 alignfull uagb-is-root-container\"><div class=\"uagb-container-inner-blocks-wrap\">\n<div class=\"wp-block-uagb-advanced-heading uagb-block-fc4c6a00\"><h1 class=\"uagb-heading-text\">Contact<\/h1><p class=\"uagb-desc-text\">Donnons vie \u00e0 votre projet. Que vous souhaitiez acheter, vendre, investir ou g\u00e9rer un bien, je suis l\u00e0 pour vous aider \u00e0 prendre des d\u00e9cisions immobili\u00e8res \u00e9clair\u00e9es et en toute confiance.<br><strong>Contactez-moi d\u00e8s aujourd\u2019hui et concr\u00e9tisons votre projet.<\/strong><\/p><\/div>\n<\/div><\/div>\n\n\n\n<div class=\"wp-block-uagb-container uagb-block-fcf7c30e alignfull uagb-is-root-container\"><div class=\"uagb-container-inner-blocks-wrap\">\t\t\t<div \n\t\t\tclass=\"wp-block-uagb-google-map uagb-google-map__wrap uagb-block-ce56bcf1\"\n\t\t\tstyle=\"\" >\n\t\t\t\t<embed\n\t\t\t\t\tclass=\"uagb-google-map__iframe\"\n\t\t\t\t\ttitle=\"Google Map for \"\n\t\t\t\t\tsrc=\"https:\/\/maps.google.com\/maps?q=Antoine%20Heine%20Courtier%20immobilier%20eXp%20Qu%C3%A9bec&#038;z=12&#038;hl=en&#038;t=m&#038;output=embed&#038;iwloc=near\"\n\t\t\t\t\twidth=\"640\"\n\t\t\t\t\theight=\"480\"\n\t\t\t\t\tloading=\"lazy\"\n\t\t\t\t><\/embed>\n\t\t\t<\/div>\n\t\t\t<\/div><\/div>\n\n\n\n<p><\/p>","protected":false},"excerpt":{"rendered":"<p>Contact Let\u2019s bring your vision to life. Whether you\u2019re looking to buy, sell, invest, or manage property \u2014 I\u2019m here to help you make confident real estate decisions.Get in touch today, and let\u2019s make it happen.<\/p>","protected":false},"author":1,"featured_media":0,"parent":0,"menu_order":0,"comment_status":"closed","ping_status":"closed","template":"","meta":{"_uag_custom_page_level_css":"","site-sidebar-layout":"no-sidebar","site-content-layout":"plain-container","ast-site-content-layout":"normal-width-container","site-content-style":"unboxed","site-sidebar-style":"unboxed","ast-global-header-display":"","ast-banner-title-visibility":"","ast-main-header-display":"","ast-hfb-above-header-display":"","ast-hfb-below-header-display":"","ast-hfb-mobile-header-display":"","site-post-title":"disabled","ast-breadcrumbs-content":"","ast-featured-img":"disabled","footer-sml-layout":"","theme-transparent-header-meta":"enabled","adv-header-id-meta":"","stick-header-meta":"","header-above-stick-meta":"","header-main-stick-meta":"","header-below-stick-meta":"","astra-migrate-meta-layouts":"set","ast-page-background-enabled":"default","ast-page-background-meta":{"desktop":{"background-color":"","background-image":"","background-repeat":"repeat","background-position":"center center","background-size":"auto","background-attachment":"scroll","background-type":"","background-media":"","overlay-type":"","overlay-color":"","overlay-opacity":"","overlay-gradient":""},"tablet":{"background-color":"","background-image":"","background-repeat":"repeat","background-position":"center center","background-size":"auto","background-attachment":"scroll","background-type":"","background-media":"","overlay-type":"","overlay-color":"","overlay-opacity":"","overlay-gradient":""},"mobile":{"background-color":"","background-image":"","background-repeat":"repeat","background-position":"center center","background-size":"auto","background-attachment":"scroll","background-type":"","background-media":"","overlay-type":"","overlay-color":"","overlay-opacity":"","overlay-gradient":""}},"ast-content-background-meta":{"desktop":{"background-color":"var(--ast-global-color-5)","background-image":"","background-repeat":"repeat","background-position":"center center","background-size":"auto","background-attachment":"scroll","background-type":"","background-media":"","overlay-type":"","overlay-color":"","overlay-opacity":"","overlay-gradient":""},"tablet":{"background-color":"var(--ast-global-color-5)","background-image":"","background-repeat":"repeat","background-position":"center center","background-size":"auto","background-attachment":"scroll","background-type":"","background-media":"","overlay-type":"","overlay-color":"","overlay-opacity":"","overlay-gradient":""},"mobile":{"background-color":"var(--ast-global-color-5)","background-image":"","background-repeat":"repeat","background-position":"center center","background-size":"auto","background-attachment":"scroll","background-type":"","background-media":"","overlay-type":"","overlay-color":"","overlay-opacity":"","overlay-gradient":""}},"footnotes":""},"class_list":["post-693","page","type-page","status-publish","hentry"],"yoast_head":"<!-- This site is optimized with the Yoast SEO plugin v25.6 - https:\/\/yoast.com\/wordpress\/plugins\/seo\/ -->\n<title>Contact - courtier heine<\/title>\n<meta name=\"robots\" content=\"index, follow, max-snippet:-1, max-image-preview:large, max-video-preview:-1\" \/>\n<link rel=\"canonical\" href=\"https:\/\/courtierheine.com\/fr\/contact-2\/\" \/>\n<meta property=\"og:locale\" content=\"fr_CA\" \/>\n<meta property=\"og:type\" content=\"article\" \/>\n<meta property=\"og:title\" content=\"Contact - courtier heine\" \/>\n<meta property=\"og:description\" content=\"Contact Let\u2019s bring your vision to life. Whether you\u2019re looking to buy, sell, invest, or manage property \u2014 I\u2019m here to help you make confident real estate decisions.Get in touch today, and let\u2019s make it happen.\" \/>\n<meta property=\"og:url\" content=\"https:\/\/courtierheine.com\/fr\/contact-2\/\" \/>\n<meta property=\"og:site_name\" content=\"courtier heine\" \/>\n<meta property=\"article:modified_time\" content=\"2025-07-27T13:44:36+00:00\" \/>\n<meta name=\"twitter:card\" content=\"summary_large_image\" \/>\n<meta name=\"twitter:label1\" content=\"Estimation du temps de lecture\" \/>\n\t<meta name=\"twitter:data1\" content=\"1 minute\" \/>\n<script type=\"application\/ld+json\" class=\"yoast-schema-graph\">{\"@context\":\"https:\/\/schema.org\",\"@graph\":[{\"@type\":\"WebPage\",\"@id\":\"https:\/\/courtierheine.com\/contact-2\/\",\"url\":\"https:\/\/courtierheine.com\/contact-2\/\",\"name\":\"Contact - courtier heine\",\"isPartOf\":{\"@id\":\"https:\/\/courtierheine.com\/#website\"},\"datePublished\":\"2025-07-21T19:09:33+00:00\",\"dateModified\":\"2025-07-27T13:44:36+00:00\",\"breadcrumb\":{\"@id\":\"https:\/\/courtierheine.com\/contact-2\/#breadcrumb\"},\"inLanguage\":\"fr-CA\",\"potentialAction\":[{\"@type\":\"ReadAction\",\"target\":[\"https:\/\/courtierheine.com\/contact-2\/\"]}]},{\"@type\":\"BreadcrumbList\",\"@id\":\"https:\/\/courtierheine.com\/contact-2\/#breadcrumb\",\"itemListElement\":[{\"@type\":\"ListItem\",\"position\":1,\"name\":\"Home\",\"item\":\"https:\/\/courtierheine.com\/\"},{\"@type\":\"ListItem\",\"position\":2,\"name\":\"Contact\"}]},{\"@type\":\"WebSite\",\"@id\":\"https:\/\/courtierheine.com\/#website\",\"url\":\"https:\/\/courtierheine.com\/\",\"name\":\"courtier heine\",\"description\":\"courtier heine\",\"potentialAction\":[{\"@type\":\"SearchAction\",\"target\":{\"@type\":\"EntryPoint\",\"urlTemplate\":\"https:\/\/courtierheine.com\/?s={search_term_string}\"},\"query-input\":{\"@type\":\"PropertyValueSpecification\",\"valueRequired\":true,\"valueName\":\"search_term_string\"}}],\"inLanguage\":\"fr-CA\"}]}<\/script>\n<!-- \/ Yoast SEO plugin. -->","yoast_head_json":{"title":"Contact - courtier heine","robots":{"index":"index","follow":"follow","max-snippet":"max-snippet:-1","max-image-preview":"max-image-preview:large","max-video-preview":"max-video-preview:-1"},"canonical":"https:\/\/courtierheine.com\/fr\/contact-2\/","og_locale":"fr_CA","og_type":"article","og_title":"Contact - courtier heine","og_description":"Contact Let\u2019s bring your vision to life. Whether you\u2019re looking to buy, sell, invest, or manage property \u2014 I\u2019m here to help you make confident real estate decisions.Get in touch today, and let\u2019s make it happen.","og_url":"https:\/\/courtierheine.com\/fr\/contact-2\/","og_site_name":"courtier heine","article_modified_time":"2025-07-27T13:44:36+00:00","twitter_card":"summary_large_image","twitter_misc":{"Estimation du temps de lecture":"1 minute"},"schema":{"@context":"https:\/\/schema.org","@graph":[{"@type":"WebPage","@id":"https:\/\/courtierheine.com\/contact-2\/","url":"https:\/\/courtierheine.com\/contact-2\/","name":"Contact - courtier heine","isPartOf":{"@id":"https:\/\/courtierheine.com\/#website"},"datePublished":"2025-07-21T19:09:33+00:00","dateModified":"2025-07-27T13:44:36+00:00","breadcrumb":{"@id":"https:\/\/courtierheine.com\/contact-2\/#breadcrumb"},"inLanguage":"fr-CA","potentialAction":[{"@type":"ReadAction","target":["https:\/\/courtierheine.com\/contact-2\/"]}]},{"@type":"BreadcrumbList","@id":"https:\/\/courtierheine.com\/contact-2\/#breadcrumb","itemListElement":[{"@type":"ListItem","position":1,"name":"Home","item":"https:\/\/courtierheine.com\/"},{"@type":"ListItem","position":2,"name":"Contact"}]},{"@type":"WebSite","@id":"https:\/\/courtierheine.com\/#website","url":"https:\/\/courtierheine.com\/","name":"courtier heine","description":"courtier heine","potentialAction":[{"@type":"SearchAction","target":{"@type":"EntryPoint","urlTemplate":"https:\/\/courtierheine.com\/?s={search_term_string}"},"query-input":{"@type":"PropertyValueSpecification","valueRequired":true,"valueName":"search_term_string"}}],"inLanguage":"fr-CA"}]}},"uagb_featured_image_src":{"full":false,"thumbnail":false,"medium":false,"medium_large":false,"large":false,"1536x1536":false,"2048x2048":false,"trp-custom-language-flag":false},"uagb_author_info":{"display_name":"cherakerman@gmail.com","author_link":"https:\/\/courtierheine.com\/fr\/author\/cherakermangmail-com\/"},"uagb_comment_info":0,"uagb_excerpt":"Contact Let\u2019s bring your vision to life. Whether you\u2019re looking to buy, sell, invest, or manage property \u2014 I\u2019m here to help you make confident real estate decisions.Get in touch today, and let\u2019s make it happen.","_links":{"self":[{"href":"https:\/\/courtierheine.com\/fr\/wp-json\/wp\/v2\/pages\/693","targetHints":{"allow":["GET"]}}],"collection":[{"href":"https:\/\/courtierheine.com\/fr\/wp-json\/wp\/v2\/pages"}],"about":[{"href":"https:\/\/courtierheine.com\/fr\/wp-json\/wp\/v2\/types\/page"}],"author":[{"embeddable":true,"href":"https:\/\/courtierheine.com\/fr\/wp-json\/wp\/v2\/users\/1"}],"replies":[{"embeddable":true,"href":"https:\/\/courtierheine.com\/fr\/wp-json\/wp\/v2\/comments?post=693"}],"version-history":[{"count":6,"href":"https:\/\/courtierheine.com\/fr\/wp-json\/wp\/v2\/pages\/693\/revisions"}],"predecessor-version":[{"id":1924,"href":"https:\/\/courtierheine.com\/fr\/wp-json\/wp\/v2\/pages\/693\/revisions\/1924"}],"wp:attachment":[{"href":"https:\/\/courtierheine.com\/fr\/wp-json\/wp\/v2\/media?parent=693"}],"curies":[{"name":"wp","href":"https:\/\/api.w.org\/{rel}","templated":true}]}}